{"id":5720,"date":"2018-10-22T13:45:00","date_gmt":"2018-10-22T13:45:00","guid":{"rendered":"https:\/\/www.ekko-wp.com\/?page_id=5720"},"modified":"2025-04-14T15:07:25","modified_gmt":"2025-04-14T13:07:25","slug":"pharma-spedition","status":"publish","type":"page","link":"https:\/\/www.pharmasped.de\/en\/pharma-spedition\/","title":{"rendered":"PharmaSped"},"content":{"rendered":"<div class=\"wpb-content-wrapper\"><div data-vc-full-width=\"true\" data-vc-full-width-init=\"false\" class=\"vc_row wpb_row vc_row-fluid\"><div class=\"wpb_column vc_column_container vc_col-sm-12\"><div class=\"vc_column-inner vc_custom_1736248204194\"><div class=\"wpb_wrapper\"><div class=\"vc_row wpb_row vc_inner vc_row-fluid vc_custom_1555687983632 vc_row-has-padding-top vc_row-has-padding-bottom\"><div class=\"wpb_column vc_column_container vc_col-sm-4\"><div class=\"vc_column-inner vc_custom_1736248238012\"><div class=\"wpb_wrapper\"><div class=\"key-icon-box icon-default icon-top cont-center ib-hover-1  kd-animated fadeInUp\" style=\"background-color: transparent;\" ><a href=\"#\" target=\"\"><div class=\"ib-wrapper\"><i class=\"iconsmind-Truck iconsmind-Transportation\" style=\" \"><\/i> <h6 class=\"service-heading\" >Pharmaceutical Logistics<\/h6><p >intelligent and individual<\/p><\/div><\/a><\/div><\/div><\/div><\/div><div class=\"wpb_column vc_column_container vc_col-sm-4\"><div class=\"vc_column-inner vc_custom_1736248229182\"><div class=\"wpb_wrapper\"><div class=\"key-icon-box icon-default icon-top cont-center ib-hover-1  kd-animated fadeInUp\" style=\"background-color: transparent;\" data-animation-delay=\"200\"><a href=\"#\" target=\"\"><div class=\"ib-wrapper\"><i class=\"iconsmind-Chip iconsmind-Hardware\" style=\" \"><\/i> <h6 class=\"service-heading\" >Cold Chain Management<\/h6><p >For sensitive medical products<\/p><\/div><\/a><\/div><\/div><\/div><\/div><div class=\"wpb_column vc_column_container vc_col-sm-4\"><div class=\"vc_column-inner vc_custom_1736248218786\"><div class=\"wpb_wrapper\"><div class=\"key-icon-box icon-default icon-top cont-center ib-hover-1  kd-animated fadeInUp\" style=\"background-color: transparent;\" data-animation-delay=\"400\"><a href=\"#\" target=\"\"><div class=\"ib-wrapper\"><i class=\"iconsmind-Line-Chart2 iconsmind-Business-Finance\" style=\" \"><\/i> <h6 class=\"service-heading\" >Logistics optimization<\/h6><p >First-class and personal<\/p><\/div><\/a><\/div><\/div><\/div><\/div><\/div><\/div><\/div><\/div><\/div><div class=\"vc_row-full-width vc_clearfix\"><\/div><div data-vc-full-width=\"true\" data-vc-full-width-init=\"false\" class=\"vc_row wpb_row vc_row-fluid vc_custom_1555687939497 vc_row-has-fill\"><div class=\"wpb_column vc_column_container vc_col-sm-12\"><div class=\"vc_column-inner\"><div class=\"wpb_wrapper\"><div class=\"vc_row wpb_row vc_inner vc_row-fluid vc_custom_1513720913586 vc_row-has-padding-top vc_row-has-padding-bottom\"><div class=\"wpb_column vc_column_container vc_col-sm-6\"><div class=\"vc_column-inner vc_custom_1541584818078\"><div class=\"wpb_wrapper\"><header class=\"kd-section-title col-lg-12 text-left  kd-animated fadeIn   vc_custom_1741983803269\" data-animation-delay=\"200\"><h2 class=\"separator_off\" >Customized, constant in temperature and 100% reliable<\/h2><h6 class=\"subtitle\" >As specialists in Good Distribution Practice (GDP) transportation, we provide flexible, customized logistics solutions for the pharmaceutical industry, pharmaceutical wholesalers, and the re-import and parallel import of medicines. Can't be done - doesn't exist! At PharmaSped, we offer our customers tailor-made options and make even the seemingly impossible possible!<\/h6><\/header><div class=\"vc_empty_space\"   style=\"height: 20px\"><span class=\"vc_empty_space_inner\"><\/span><\/div>\n\t<div  class=\"wpb_single_image wpb_content_element vc_align_center wpb_content_element wpb_animate_when_almost_visible wpb_fadeIn fadeIn vc_custom_1721172777291\">\n\t\t\n\t\t<figure class=\"wpb_wrapper vc_figure\">\n\t\t\t<div class=\"vc_single_image-wrapper   vc_box_border_grey\"><img decoding=\"async\" class=\"vc_single_image-img\" src=\"https:\/\/www.pharmasped.de\/wp-content\/uploads\/2024\/07\/workspace14.jpg\" width=\"700\" height=\"700\" alt=\"workspace14\" title=\"workspace14\" loading=\"lazy\" \/><\/div>\n\t\t<\/figure>\n\t<\/div>\n<\/div><\/div><\/div><div class=\"wpb_column vc_column_container vc_col-sm-6\"><div class=\"vc_column-inner vc_custom_1541584821670\"><div class=\"wpb_wrapper\">\n\t<div  class=\"wpb_single_image wpb_content_element vc_align_center wpb_content_element wpb_animate_when_almost_visible wpb_fadeIn fadeIn vc_custom_1721172753377\">\n\t\t\n\t\t<figure class=\"wpb_wrapper vc_figure\">\n\t\t\t<div class=\"vc_single_image-wrapper   vc_box_border_grey\"><img decoding=\"async\" class=\"vc_single_image-img\" src=\"https:\/\/www.pharmasped.de\/wp-content\/uploads\/2024\/07\/workspace13.jpg\" width=\"700\" height=\"700\" alt=\"workspace13\" title=\"workspace13\" loading=\"lazy\" \/><\/div>\n\t\t<\/figure>\n\t<\/div>\n<div class=\"vc_empty_space\"   style=\"height: 40px\"><span class=\"vc_empty_space_inner\"><\/span><\/div><header class=\"kd-section-title col-lg-12 text-left  kd-animated fadeIn   vc_custom_1741983821731\" data-animation-delay=\"200\"><h2 class=\"separator_off\" >We are stone-cold professionals<\/h2><h6 class=\"subtitle\" >Our primary focus is the transportation of standard commercial quantities of pharmaceuticals, up to 40 tons, across Germany and within the EU. As a B2B provider in pharmaceutical logistics, we can offer flexible solutions tailored to our customers' individual needs. On request, we also offer security transports with 24\/7 surveillance and monitoring, support with customs clearance, provision of security parking spaces, driver assistance with unloading, use of lifting platforms and much more.<\/h6><\/header><\/div><\/div><\/div><\/div><\/div><\/div><\/div><\/div><div class=\"vc_row-full-width vc_clearfix\"><\/div><div data-vc-full-width=\"true\" data-vc-full-width-init=\"false\" class=\"vc_row wpb_row vc_row-fluid vc_custom_1540817610015 vc_row-has-padding-top vc_row-has-padding-bottom\"><div class=\"wpb_column vc_column_container vc_col-sm-12\"><div class=\"vc_column-inner vc_custom_1515753185470\"><div class=\"wpb_wrapper\"><div class=\"vc_row wpb_row vc_inner vc_row-fluid\"><div class=\"wpb_column vc_column_container vc_col-sm-12\"><div class=\"vc_column-inner\"><div class=\"wpb_wrapper\"><header class=\"kd-section-title vc_col-lg-6 vc_col-sm-8 text-center  kd-animated fadeIn   vc_custom_1734390424745\" data-animation-delay=\"200\"><h2 class=\"separator_off\" >Your team at PharmaSped<\/h2><h6 class=\"subtitle\" >Do you have any questions about logistics concepts and logistics optimization, or do you already have a transport order for us? Simply give us a call or send us a message.<\/h6><\/header><\/div><\/div><\/div><\/div>\r\n                <div class=\"team-carousel kd-teamc-69e8c83000537 tc-parent black-navigation\">\r\n                    <div class=\"tc-content\"><div class=\"team-member design-classic   enable-contact-effect\" >\r\n                    <div class=\"team-content\">\r\n                        <div class=\"team-image-overlay\"><\/div>\r\n                        <div class=\"team-image\"><img loading=\"lazy\" decoding=\"async\" width=\"500\" height=\"500\" src=\"https:\/\/www.pharmasped.de\/wp-content\/uploads\/2024\/07\/philipp-keil-pharmasped.jpg\" class=\"attachment-full\" alt=\"Philipp Keil - PharmaSped GmbH\" title=\"philipp-keil-pharmasped\" srcset=\"https:\/\/www.pharmasped.de\/wp-content\/uploads\/2024\/07\/philipp-keil-pharmasped.jpg 500w, https:\/\/www.pharmasped.de\/wp-content\/uploads\/2024\/07\/philipp-keil-pharmasped-300x300.jpg 300w, https:\/\/www.pharmasped.de\/wp-content\/uploads\/2024\/07\/philipp-keil-pharmasped-150x150.jpg 150w, https:\/\/www.pharmasped.de\/wp-content\/uploads\/2024\/07\/philipp-keil-pharmasped-320x320.jpg 320w\" sizes=\"auto, (max-width: 500px) 100vw, 500px\" \/><\/div>\r\n                        <div class=\"team-content-text\" >\r\n                        <div class=\"team-content-text-inner\">\r\n                        <h5 >Philipp Keil<\/h5>\r\n                        <span class=\"team-subtitle\" >Gesch\u00e4ftsf\u00fchrer<\/span>\r\n                        <p ><\/p><div class=\"kd-team-contact\"><div class=\"kd-team-phone\"><a href=\"tel: 49 6353 957988-1\"><span class=\"fa fa-phone-alt\"><\/span>+49 6353 957988-1<\/a><\/div><div class=\"kd-team-email\"><a href=\"mailto:philipp.keil@pharmasped.de\"><span class=\"fa fa-envelope\"><\/span>philipp.keil@pharmasped.de<\/a><\/div><\/div><\/div><div class=\"team-socials\"><a href=\"https:\/\/de.linkedin.com\/in\/philipp-keil-512b8014\" target=\"_blank\"><span class=\"fab fa-linkedin-in\" ><\/span><\/a><\/div><\/div>\r\n                    <\/div>\r\n                <\/div><div class=\"team-member design-classic  socials-disabled enable-contact-effect\" >\r\n                    <div class=\"team-content\">\r\n                        <div class=\"team-image-overlay\"><\/div>\r\n                        <div class=\"team-image\"><img loading=\"lazy\" decoding=\"async\" width=\"500\" height=\"500\" src=\"https:\/\/www.pharmasped.de\/wp-content\/uploads\/2024\/07\/andre-werner-pharmasped.jpg\" class=\"attachment-full\" alt=\"Andre Werner - PharmaSped GmbH\" title=\"andre-werner-pharmasped\" srcset=\"https:\/\/www.pharmasped.de\/wp-content\/uploads\/2024\/07\/andre-werner-pharmasped.jpg 500w, https:\/\/www.pharmasped.de\/wp-content\/uploads\/2024\/07\/andre-werner-pharmasped-300x300.jpg 300w, https:\/\/www.pharmasped.de\/wp-content\/uploads\/2024\/07\/andre-werner-pharmasped-150x150.jpg 150w, https:\/\/www.pharmasped.de\/wp-content\/uploads\/2024\/07\/andre-werner-pharmasped-320x320.jpg 320w\" sizes=\"auto, (max-width: 500px) 100vw, 500px\" \/><\/div>\r\n                        <div class=\"team-content-text\" >\r\n                        <div class=\"team-content-text-inner\">\r\n                        <h5 >Andre Werner<\/h5>\r\n                        <span class=\"team-subtitle\" >Disponent<\/span>\r\n                        <p ><\/p><div class=\"kd-team-contact\"><div class=\"kd-team-phone\"><a href=\"tel: 49 6353 957988-2\"><span class=\"fa fa-phone-alt\"><\/span>+49 6353 957988-2<\/a><\/div><div class=\"kd-team-email\"><a href=\"mailto:andre.werner@pharmasped.de\"><span class=\"fa fa-envelope\"><\/span>andre.werner@pharmasped.de<\/a><\/div><\/div><\/div><\/div>\r\n                    <\/div>\r\n                <\/div><div class=\"team-member design-classic  socials-disabled enable-contact-effect\" >\r\n                    <div class=\"team-content\">\r\n                        <div class=\"team-image-overlay\"><\/div>\r\n                        <div class=\"team-image\"><img loading=\"lazy\" decoding=\"async\" width=\"989\" height=\"989\" src=\"https:\/\/www.pharmasped.de\/wp-content\/uploads\/2025\/01\/jonathan-bauer.jpg\" class=\"attachment-full\" alt=\"Jomathan-Bauer\" title=\"jonathan-bauer\" srcset=\"https:\/\/www.pharmasped.de\/wp-content\/uploads\/2025\/01\/jonathan-bauer.jpg 989w, https:\/\/www.pharmasped.de\/wp-content\/uploads\/2025\/01\/jonathan-bauer-300x300.jpg 300w, https:\/\/www.pharmasped.de\/wp-content\/uploads\/2025\/01\/jonathan-bauer-150x150.jpg 150w, https:\/\/www.pharmasped.de\/wp-content\/uploads\/2025\/01\/jonathan-bauer-768x768.jpg 768w, https:\/\/www.pharmasped.de\/wp-content\/uploads\/2025\/01\/jonathan-bauer-12x12.jpg 12w, https:\/\/www.pharmasped.de\/wp-content\/uploads\/2025\/01\/jonathan-bauer-320x320.jpg 320w\" sizes=\"auto, (max-width: 989px) 100vw, 989px\" \/><\/div>\r\n                        <div class=\"team-content-text\" >\r\n                        <div class=\"team-content-text-inner\">\r\n                        <h5 >Jonathan Bauer<\/h5>\r\n                        <span class=\"team-subtitle\" >Disponent<\/span>\r\n                        <p ><\/p><div class=\"kd-team-contact\"><div class=\"kd-team-phone\"><a href=\"tel: 49 6353 957988 0\"><span class=\"fa fa-phone-alt\"><\/span>+49 6353 957988 0<\/a><\/div><div class=\"kd-team-email\"><a href=\"mailto:jonathan.bauer@pharmasped.de\"><span class=\"fa fa-envelope\"><\/span>jonathan.bauer@pharmasped.de<\/a><\/div><\/div><\/div><\/div>\r\n                    <\/div>\r\n                <\/div><div class=\"team-member design-classic  socials-disabled enable-contact-effect\" >\r\n                    <div class=\"team-content\">\r\n                        <div class=\"team-image-overlay\"><\/div>\r\n                        <div class=\"team-image\"><img loading=\"lazy\" decoding=\"async\" width=\"500\" height=\"500\" src=\"https:\/\/www.pharmasped.de\/wp-content\/uploads\/2024\/07\/danuta-keil-pharmasped.jpg\" class=\"attachment-full\" alt=\"Danuta Keil - PharmaSped GmbH\" title=\"danuta-keil-pharmasped\" srcset=\"https:\/\/www.pharmasped.de\/wp-content\/uploads\/2024\/07\/danuta-keil-pharmasped.jpg 500w, https:\/\/www.pharmasped.de\/wp-content\/uploads\/2024\/07\/danuta-keil-pharmasped-300x300.jpg 300w, https:\/\/www.pharmasped.de\/wp-content\/uploads\/2024\/07\/danuta-keil-pharmasped-150x150.jpg 150w, https:\/\/www.pharmasped.de\/wp-content\/uploads\/2024\/07\/danuta-keil-pharmasped-320x320.jpg 320w\" sizes=\"auto, (max-width: 500px) 100vw, 500px\" \/><\/div>\r\n                        <div class=\"team-content-text\" >\r\n                        <div class=\"team-content-text-inner\">\r\n                        <h5 >Danuta Keil<\/h5>\r\n                        <span class=\"team-subtitle\" >Buchhaltung<\/span>\r\n                        <p ><\/p><div class=\"kd-team-contact\"><div class=\"kd-team-phone\"><a href=\"tel: 49 6353 957988 0\"><span class=\"fa fa-phone-alt\"><\/span>+49 6353 957988 0<\/a><\/div><div class=\"kd-team-email\"><a href=\"mailto:danuta.keil@pharmasped.de\"><span class=\"fa fa-envelope\"><\/span>danuta.keil@pharmasped.de<\/a><\/div><\/div><\/div><\/div>\r\n                    <\/div>\r\n                <\/div><div class=\"team-member design-classic  socials-disabled enable-contact-effect\" >\r\n                    <div class=\"team-content\">\r\n                        <div class=\"team-image-overlay\"><\/div>\r\n                        <div class=\"team-image\"><img loading=\"lazy\" decoding=\"async\" width=\"500\" height=\"500\" src=\"https:\/\/www.pharmasped.de\/wp-content\/uploads\/2024\/07\/team-pharmasped.jpg\" class=\"attachment-full\" alt=\"\" title=\"team-pharmasped\" srcset=\"https:\/\/www.pharmasped.de\/wp-content\/uploads\/2024\/07\/team-pharmasped.jpg 500w, https:\/\/www.pharmasped.de\/wp-content\/uploads\/2024\/07\/team-pharmasped-300x300.jpg 300w, https:\/\/www.pharmasped.de\/wp-content\/uploads\/2024\/07\/team-pharmasped-150x150.jpg 150w, https:\/\/www.pharmasped.de\/wp-content\/uploads\/2024\/07\/team-pharmasped-320x320.jpg 320w\" sizes=\"auto, (max-width: 500px) 100vw, 500px\" \/><\/div>\r\n                        <div class=\"team-content-text\" >\r\n                        <div class=\"team-content-text-inner\">\r\n                        <h5 >Stella Fath<\/h5>\r\n                        <span class=\"team-subtitle\" >Buchhaltung<\/span>\r\n                        <p ><\/p><div class=\"kd-team-contact\"><div class=\"kd-team-phone\"><a href=\"tel: 49 6353 957988 0\"><span class=\"fa fa-phone-alt\"><\/span>+49 6353 957988 0<\/a><\/div><div class=\"kd-team-email\"><a href=\"mailto:stella.fath@pharmasped.de\"><span class=\"fa fa-envelope\"><\/span>stella.fath@pharmasped.de<\/a><\/div><\/div><\/div><\/div>\r\n                    <\/div>\r\n                <\/div><\/div>\r\n                <\/div><script type=\"text\/javascript\">\r\n                  jQuery(document).ready(function($){\r\n                    if ($(\".team-carousel.kd-teamc-69e8c83000537 .tc-content\").length) {\r\n                      $(\".team-carousel.kd-teamc-69e8c83000537 .tc-content\").owlCarousel({\r\n                        stageClass: \"owl-wrapper\",\r\n                        stageOuterClass: \"owl-wrapper-outer\",\r\n                        loadedClass: \"owl-carousel\",\r\n                        responsive:{\r\n                            0:{\r\n                                items:1,\r\n                            },\r\n                            768:{\r\n                                items:2,\r\n                            },\r\n                            1199:{\r\n                                items:3,\r\n                            },\r\n                            1366:{\r\n                                items: 3,\r\n                            }\r\n                        },\r\n                        slideBy: 1,loop: true,nav: true,\r\n                        navSpeed: 500,\r\n                        dots: false,\r\n                        addClassActive: true,\r\n                      });\r\n                    }\r\n                  });\r\n          \t\t\t<\/script><\/div><\/div><\/div><\/div><div class=\"vc_row-full-width vc_clearfix\"><\/div><div data-vc-full-width=\"true\" data-vc-full-width-init=\"false\" class=\"vc_row wpb_row vc_row-fluid vc_custom_1555687851842 vc_row-has-fill\"><div class=\"wpb_column vc_column_container vc_col-sm-12\"><div class=\"vc_column-inner vc_custom_1516100816144\"><div class=\"wpb_wrapper\"><div class=\"vc_row wpb_row vc_inner vc_row-fluid vc_custom_1541151131704 vc_row-has-padding-top vc_row-has-padding-bottom\"><div class=\"wpb_column vc_column_container vc_col-sm-5 vc_col-lg-9 vc_col-md-12\"><div class=\"vc_column-inner vc_custom_1737468923173\"><div class=\"wpb_wrapper\">\n\t<div class=\"wpb_text_column wpb_content_element\" >\n\t\t<div class=\"wpb_wrapper\">\n\t\t\t<h4>PharmaSped \u2013 We stay cool, even when things get hot on the road!<\/h4>\n\n\t\t<\/div>\n\t<\/div>\n<\/div><\/div><\/div><\/div><\/div><\/div><\/div><\/div><div class=\"vc_row-full-width vc_clearfix\"><\/div>\n<\/div>","protected":false},"excerpt":{"rendered":"Pharmalogistikintelligent und individuell K\u00fchlkettenmanagementF\u00fcr sensible Medizinprodukte LogistikoptimierungErstklassig und pers\u00f6nlichIndividuell, temperaturkonstant und zu 100% zuverl\u00e4ssigAls Spezialisten Transporte getreu Good Distribution Practice [...]","protected":false},"author":1,"featured_media":7850,"parent":0,"menu_order":0,"comment_status":"closed","ping_status":"closed","template":"","meta":{"footnotes":""},"class_list":["post-5720","page","type-page","status-publish","has-post-thumbnail","hentry"],"_links":{"self":[{"href":"https:\/\/www.pharmasped.de\/en\/wp-json\/wp\/v2\/pages\/5720","targetHints":{"allow":["GET"]}}],"collection":[{"href":"https:\/\/www.pharmasped.de\/en\/wp-json\/wp\/v2\/pages"}],"about":[{"href":"https:\/\/www.pharmasped.de\/en\/wp-json\/wp\/v2\/types\/page"}],"author":[{"embeddable":true,"href":"https:\/\/www.pharmasped.de\/en\/wp-json\/wp\/v2\/users\/1"}],"replies":[{"embeddable":true,"href":"https:\/\/www.pharmasped.de\/en\/wp-json\/wp\/v2\/comments?post=5720"}],"version-history":[{"count":52,"href":"https:\/\/www.pharmasped.de\/en\/wp-json\/wp\/v2\/pages\/5720\/revisions"}],"predecessor-version":[{"id":7921,"href":"https:\/\/www.pharmasped.de\/en\/wp-json\/wp\/v2\/pages\/5720\/revisions\/7921"}],"wp:featuredmedia":[{"embeddable":true,"href":"https:\/\/www.pharmasped.de\/en\/wp-json\/wp\/v2\/media\/7850"}],"wp:attachment":[{"href":"https:\/\/www.pharmasped.de\/en\/wp-json\/wp\/v2\/media?parent=5720"}],"curies":[{"name":"wp","href":"https:\/\/api.w.org\/{rel}","templated":true}]}}