{"id":5730,"date":"2018-10-22T13:46:13","date_gmt":"2018-10-22T13:46:13","guid":{"rendered":"https:\/\/www.ekko-wp.com\/?page_id=5730"},"modified":"2025-04-14T15:12:56","modified_gmt":"2025-04-14T13:12:56","slug":"pharma-logistik","status":"publish","type":"page","link":"https:\/\/www.pharmasped.de\/en\/pharma-spedition-services\/pharma-logistik\/","title":{"rendered":"Pharmaceutical Logistics"},"content":{"rendered":"<div class=\"wpb-content-wrapper\"><div class=\"vc_row wpb_row vc_row-fluid vc_custom_1736261570603 vc_row-has-padding-top vc_row-has-padding-bottom\"><div class=\"wpb_column vc_column_container vc_col-sm-12\"><div class=\"vc_column-inner\"><div class=\"wpb_wrapper\"><div class=\"feature-sections-wrapper kd-fsp-69e8c810698f8\">\r\n            <section class=\"feature-sections-tabs with-sticky-topbar\">\r\n              <nav class=\"kd-feature-tabs\">\r\n                <ul class=\"nav nav-tabs sticky-tabs container\">\r\n                <\/ul>\r\n              <\/nav>\r\n            <\/section>\r\n            <section id=\"kd-fss-69e8c81069a1d\" class=\"featured-right\"><li class=\"nav-label\"><a class=\"feature-tabs-scroll\" href=\"#kd-fss-69e8c81069a1d\"><i class=\"fss-nav-icon\" style=\" \"><\/i> Individuality<\/a><\/li><div class=\"container\">\r\n                <div class=\"side-content-wrapper kd-animated fadeInLeft\" data-animation-delay=\"200\"><i class=\"iconsmind-Align-JustifyAll iconsmind-Alignment-Paragraph section-icon\" style=\" \"><\/i> <h2 class=\"side-content-title\" >Individual Pharmaceutical Logistics<\/h2><h6 class=\"side-content-subtitle\" >Because every transport is different!<\/h6><div class=\"side-content-text\" ><p>Anything is possible on Europe's roads: routes are torn up, roads are washed out, bridges collapse, mountain passes are impassable, and border posts are closed! Sometimes it's the forces of nature, sometimes it's political decisions that make a transport order unique. That's why we at PharmaSped evaluate many risk factors in advance with a cool, analytical eye and develop a customized logistics concept for each of our customers. Our flexible models are based on our own experience and expertise as well as that of our dispatchers.<\/p>\n<p>At PharmaSped, we plan every pharmaceutical shipment with the utmost care and attention, considering all current conditions on site, at the individual loading points and at the border crossings in Europe and Eurasia. This results in a clear logistics strategy that can be adapted at short notice, if necessary, should delivery quantities, time windows or other factors vary.<\/p>\n<\/div><\/div><div class=\"side-featured-wrapper fss-rectangle kd-animated fadeInRight fss-shadow-image\" data-animation-delay=\"200\">\n      <div class=\"featured-image\"><a data-size=\"1024x696\" href=\"https:\/\/www.pharmasped.de\/wp-content\/uploads\/2025\/04\/Pharmalogistik-Spedition-Pharma-Mannheim-Ludwigshafen-Rheinland-Pflaz-1024x696.jpg\"><img loading=\"lazy\" decoding=\"async\" width=\"1500\" height=\"1020\" src=\"https:\/\/www.pharmasped.de\/wp-content\/uploads\/2025\/04\/Pharmalogistik-Spedition-Pharma-Mannheim-Ludwigshafen-Rheinland-Pflaz.jpg\" class=\"attachment-full\" alt=\"Pharmalogistik - Logistikunternehmen f\u00fcr Pharma und Medizin\" title=\"Pharmalogistik-Spedition-Pharma-Mannheim-Ludwigshafen-Rheinland-Pflaz\" srcset=\"https:\/\/www.pharmasped.de\/wp-content\/uploads\/2025\/04\/Pharmalogistik-Spedition-Pharma-Mannheim-Ludwigshafen-Rheinland-Pflaz.jpg 1500w, https:\/\/www.pharmasped.de\/wp-content\/uploads\/2025\/04\/Pharmalogistik-Spedition-Pharma-Mannheim-Ludwigshafen-Rheinland-Pflaz-300x204.jpg 300w, https:\/\/www.pharmasped.de\/wp-content\/uploads\/2025\/04\/Pharmalogistik-Spedition-Pharma-Mannheim-Ludwigshafen-Rheinland-Pflaz-1024x696.jpg 1024w, https:\/\/www.pharmasped.de\/wp-content\/uploads\/2025\/04\/Pharmalogistik-Spedition-Pharma-Mannheim-Ludwigshafen-Rheinland-Pflaz-768x522.jpg 768w, https:\/\/www.pharmasped.de\/wp-content\/uploads\/2025\/04\/Pharmalogistik-Spedition-Pharma-Mannheim-Ludwigshafen-Rheinland-Pflaz-18x12.jpg 18w\" sizes=\"auto, (max-width: 1500px) 100vw, 1500px\" \/><\/a><\/div>\n    <\/div><\/div>\r\n            <\/section><section id=\"kd-fss-69e8c8106a764\" class=\"featured-right\"><li class=\"nav-label\"><a class=\"feature-tabs-scroll\" href=\"#kd-fss-69e8c8106a764\"><i class=\"fss-nav-icon\" style=\" \"><\/i> Quality Management<\/a><\/li><div class=\"container\">\r\n                <div class=\"side-content-wrapper kd-animated fadeInLeft\" data-animation-delay=\"200\"><i class=\"iconsmind-Align-JustifyAll iconsmind-Alignment-Paragraph section-icon\" style=\" \"><\/i> <h2 class=\"side-content-title\" >Quality Management in Compliance with GDP<\/h2><h6 class=\"side-content-subtitle\" >Time is money - but money isn't everything!<\/h6><div class=\"side-content-text\" ><\/p>\n<p class=\"p1\">In pharmaceutical logistics in particular, numerous parameters must be considered simultaneously. Sometimes time is the deciding factor, while in other cases, cost efficiency takes priority. We tailor our transport solutions accordingly. At the same time, all legal regulations and guidelines of the European Commission on good distribution practice for medicinal products (GDP) must be always complied with.<\/p>\n<p class=\"p1\">With the strictest quality management measures, we at PharmaSped ensure that all pharmaceutical products, for whose integrity we assume responsibility, are transported and stored clean, dry and at an appropriate temperature always. In addition, we guarantee complete documentation of all activities and measured values.<\/p>\n<p>\n<\/div><\/div><div class=\"side-featured-wrapper fss-rectangle kd-animated fadeInRight fss-shadow-image\" data-animation-delay=\"200\">\n      <div class=\"featured-image\"><a data-size=\"1024x683\" href=\"https:\/\/www.pharmasped.de\/wp-content\/uploads\/2025\/01\/pharmasped-logistik-spedition-mannheim-ludwigshafen-8-1024x683.jpg\"><img loading=\"lazy\" decoding=\"async\" width=\"3066\" height=\"2044\" src=\"https:\/\/www.pharmasped.de\/wp-content\/uploads\/2025\/01\/pharmasped-logistik-spedition-mannheim-ludwigshafen-8.jpg\" class=\"attachment-full\" alt=\"PharmaSped - Spedition f\u00fcr K\u00fchltransporte, Logistik und Pharmatransporte Mannheim, Ludwigshafen, Europa\" title=\"pharmasped-logistik-spedition-mannheim-ludwigshafen-8\" srcset=\"https:\/\/www.pharmasped.de\/wp-content\/uploads\/2025\/01\/pharmasped-logistik-spedition-mannheim-ludwigshafen-8.jpg 3066w, https:\/\/www.pharmasped.de\/wp-content\/uploads\/2025\/01\/pharmasped-logistik-spedition-mannheim-ludwigshafen-8-300x200.jpg 300w, https:\/\/www.pharmasped.de\/wp-content\/uploads\/2025\/01\/pharmasped-logistik-spedition-mannheim-ludwigshafen-8-1024x683.jpg 1024w, https:\/\/www.pharmasped.de\/wp-content\/uploads\/2025\/01\/pharmasped-logistik-spedition-mannheim-ludwigshafen-8-768x512.jpg 768w, https:\/\/www.pharmasped.de\/wp-content\/uploads\/2025\/01\/pharmasped-logistik-spedition-mannheim-ludwigshafen-8-1536x1024.jpg 1536w, https:\/\/www.pharmasped.de\/wp-content\/uploads\/2025\/01\/pharmasped-logistik-spedition-mannheim-ludwigshafen-8-2048x1365.jpg 2048w, https:\/\/www.pharmasped.de\/wp-content\/uploads\/2025\/01\/pharmasped-logistik-spedition-mannheim-ludwigshafen-8-18x12.jpg 18w\" sizes=\"auto, (max-width: 3066px) 100vw, 3066px\" \/><\/a><\/div>\n    <\/div><\/div>\r\n            <\/section><section id=\"kd-fss-69e8c8106afaf\" class=\"featured-left\"><li class=\"nav-label\"><a class=\"feature-tabs-scroll\" href=\"#kd-fss-69e8c8106afaf\"><i class=\"fss-nav-icon\" style=\" \"><\/i> Planning<\/a><\/li><div class=\"container\">\r\n                <div class=\"side-content-wrapper kd-animated fadeInLeft\" data-animation-delay=\"200\"><i class=\"iconsmind-Align-JustifyAll iconsmind-Alignment-Paragraph section-icon\" style=\" \"><\/i> <h2 class=\"side-content-title\" >Thanks to precise planning: No chance for coincidences<\/h2><h6 class=\"side-content-subtitle\" >Everything is under control!<\/h6><div class=\"side-content-text\" ><\/p>\n<p class=\"p1\">We monitor our transports around the clock with precision. That's why we only use vehicles that meet our specifications and employ drivers trained in accordance with GDP guidelines. This enables us to respond flexibly, quickly, and appropriately to any changes in conditions during transit.<\/p>\n<p class=\"p1\">Once the truck is on the road, we receive geodata, refrigeration status, and door status updates every 15 minutes via telemetry. This ensures that we consistently adhere to the individual contractual agreements with our customers.<\/p>\n<p class=\"p1\">Automatic alarms and a 24\/7 on-call service ensure that we can react quickly at any time in the event of deviations. Both the measuring units and our IT system for cold chain management are redundant and we back up all data at regular intervals.<\/p>\n<p>\n<\/div><\/div><div class=\"side-featured-wrapper fss-rectangle kd-animated fadeInRight fss-shadow-image\" data-animation-delay=\"200\">\n      <div class=\"featured-image\"><a data-size=\"1024x683\" href=\"https:\/\/www.pharmasped.de\/wp-content\/uploads\/2025\/04\/pharma-logistik-spedition-1024x683.jpg\"><img loading=\"lazy\" decoding=\"async\" width=\"3000\" height=\"2000\" src=\"https:\/\/www.pharmasped.de\/wp-content\/uploads\/2025\/04\/pharma-logistik-spedition.jpg\" class=\"attachment-full\" alt=\"Logistik und Spedition Mannheim, Ludwigshafen, Heidelberg, Rhein-Neckar, Rheinland-Pfalz\" title=\"pharma-logistik-spedition\" srcset=\"https:\/\/www.pharmasped.de\/wp-content\/uploads\/2025\/04\/pharma-logistik-spedition.jpg 3000w, https:\/\/www.pharmasped.de\/wp-content\/uploads\/2025\/04\/pharma-logistik-spedition-300x200.jpg 300w, https:\/\/www.pharmasped.de\/wp-content\/uploads\/2025\/04\/pharma-logistik-spedition-1024x683.jpg 1024w, https:\/\/www.pharmasped.de\/wp-content\/uploads\/2025\/04\/pharma-logistik-spedition-768x512.jpg 768w, https:\/\/www.pharmasped.de\/wp-content\/uploads\/2025\/04\/pharma-logistik-spedition-1536x1024.jpg 1536w, https:\/\/www.pharmasped.de\/wp-content\/uploads\/2025\/04\/pharma-logistik-spedition-2048x1365.jpg 2048w, https:\/\/www.pharmasped.de\/wp-content\/uploads\/2025\/04\/pharma-logistik-spedition-18x12.jpg 18w\" sizes=\"auto, (max-width: 3000px) 100vw, 3000px\" \/><\/a><\/div>\n    <\/div><\/div>\r\n            <\/section>\r\n            <\/div><style type=\"text\/css\"><\/style><\/div><\/div><\/div><\/div>\n<\/div>","protected":false},"excerpt":{"rendered":"Individualit\u00e4t Individuelle PharmalogistikDenn jeder Transport ist anders!Auf den Stra\u00dfen Europas ist alles m\u00f6glich: Trassen werden abgerissen, Stra\u00dfen untersp\u00fclt, Br\u00fccken st\u00fcrzen [...]","protected":false},"author":1,"featured_media":7819,"parent":7597,"menu_order":0,"comment_status":"closed","ping_status":"closed","template":"","meta":{"footnotes":""},"class_list":["post-5730","page","type-page","status-publish","has-post-thumbnail","hentry"],"_links":{"self":[{"href":"https:\/\/www.pharmasped.de\/en\/wp-json\/wp\/v2\/pages\/5730","targetHints":{"allow":["GET"]}}],"collection":[{"href":"https:\/\/www.pharmasped.de\/en\/wp-json\/wp\/v2\/pages"}],"about":[{"href":"https:\/\/www.pharmasped.de\/en\/wp-json\/wp\/v2\/types\/page"}],"author":[{"embeddable":true,"href":"https:\/\/www.pharmasped.de\/en\/wp-json\/wp\/v2\/users\/1"}],"replies":[{"embeddable":true,"href":"https:\/\/www.pharmasped.de\/en\/wp-json\/wp\/v2\/comments?post=5730"}],"version-history":[{"count":22,"href":"https:\/\/www.pharmasped.de\/en\/wp-json\/wp\/v2\/pages\/5730\/revisions"}],"predecessor-version":[{"id":7908,"href":"https:\/\/www.pharmasped.de\/en\/wp-json\/wp\/v2\/pages\/5730\/revisions\/7908"}],"up":[{"embeddable":true,"href":"https:\/\/www.pharmasped.de\/en\/wp-json\/wp\/v2\/pages\/7597"}],"wp:featuredmedia":[{"embeddable":true,"href":"https:\/\/www.pharmasped.de\/en\/wp-json\/wp\/v2\/media\/7819"}],"wp:attachment":[{"href":"https:\/\/www.pharmasped.de\/en\/wp-json\/wp\/v2\/media?parent=5730"}],"curies":[{"name":"wp","href":"https:\/\/api.w.org\/{rel}","templated":true}]}}