{"id":7476,"date":"2019-04-24T15:16:04","date_gmt":"2019-04-24T15:16:04","guid":{"rendered":"https:\/\/www.ekko-wp.com\/demo-content\/?page_id=7476"},"modified":"2025-04-14T15:17:36","modified_gmt":"2025-04-14T13:17:36","slug":"home-transport","status":"publish","type":"page","link":"https:\/\/www.pharmasped.de\/en\/","title":{"rendered":"Startseite"},"content":{"rendered":"<div class=\"wpb-content-wrapper\"><div data-vc-full-width=\"true\" data-vc-full-width-init=\"false\" class=\"vc_row wpb_row vc_row-fluid vc_custom_1736536506314 vc_row-has-fill vc_row-has-padding-top vc_row-fixed-bg\"><div class=\"wpb_column vc_column_container vc_col-sm-12\"><div class=\"vc_column-inner vc_custom_1516115464846\"><div class=\"wpb_wrapper\"><div class=\"vc_row wpb_row vc_inner vc_row-fluid\"><div class=\"wpb_column vc_column_container vc_col-sm-8\"><div class=\"vc_column-inner vc_custom_1549535118931\"><div class=\"wpb_wrapper\"><div class=\"kd-text-rotator kd-rotatorid-69e8b4380f91b text-left slow-text-rotator\"><div class=\"kd-text-rotator-container\"><h2 class=\"rotator-single kd-rotator-item-1\" style=\" color: #ffffff; font-size: 60px;\">Pharmaceutical Logistics<\/h2><h2 class=\"rotator-single kd-rotator-item-2\" style=\" color: #ffffff; font-size: 60px;\">Cold chain management<\/h2><h2 class=\"rotator-single kd-rotator-item-3 last\" style=\"transition: all 0.5s 5s; color: #ffffff; font-size: 60px;\">Logistics optimization<\/h2><\/div><\/div><div class=\"vc_empty_space\"   style=\"height: 20px\"><span class=\"vc_empty_space_inner\"><\/span><\/div><\/div><\/div><\/div><div class=\"wpb_column vc_column_container vc_col-sm-4 vc_hidden-sm vc_hidden-xs\"><div class=\"vc_column-inner vc_custom_1556030956016\"><div class=\"wpb_wrapper\"><\/div><\/div><\/div><\/div><div class=\"vc_row wpb_row vc_inner vc_row-fluid vc_custom_1556011736105 vc_row-has-padding-top vc_row-has-padding-bottom\"><div class=\"wpb_column vc_column_container vc_col-sm-3\"><div class=\"vc_column-inner vc_custom_1540304451106\"><div class=\"wpb_wrapper\"><div class=\"key-icon-box icon-default icon-top cont-left ib-no-effect  kd-animated fadeInUp\" style=\"background-color: transparent;\" ><i class=\"iconsmind-Arrow-DowninCircle iconsmind-Arrows\" style=\" color: #ffffff;\"><\/i> <p style=\"color: #ffffff;\">Montag - Freitag: 08:00 - 17:00<\/p><\/div><\/div><\/div><\/div><div class=\"wpb_column vc_column_container vc_col-sm-3\"><div class=\"vc_column-inner vc_custom_1540304455323\"><div class=\"wpb_wrapper\"><div class=\"key-icon-box icon-default icon-top cont-left ib-no-effect  kd-animated fadeInUp\" style=\"background-color: transparent;\" data-animation-delay=\"200\"><i class=\"iconsmind-Flag-2 iconsmind-Objects\" style=\" color: #ffffff;\"><\/i> <p style=\"color: #ffffff;\">Individual<\/p><\/div><\/div><\/div><\/div><div class=\"wpb_column vc_column_container vc_col-sm-3\"><div class=\"vc_column-inner vc_custom_1540304458427\"><div class=\"wpb_wrapper\"><div class=\"key-icon-box icon-default icon-top cont-left ib-no-effect  kd-animated fadeInUp\" style=\"background-color: transparent;\" data-animation-delay=\"400\"><i class=\"iconsmind-Truck iconsmind-Transportation\" style=\" color: #ffffff;\"><\/i> <p style=\"color: #ffffff;\">constant temperature<\/p><\/div><\/div><\/div><\/div><div class=\"wpb_column vc_column_container vc_col-sm-3\"><div class=\"vc_column-inner vc_custom_1540304461810\"><div class=\"wpb_wrapper\"><div class=\"key-icon-box icon-default icon-top cont-left ib-no-effect  kd-animated fadeInUp\" style=\"background-color: transparent;\" data-animation-delay=\"600\"><i class=\"iconsmind-Home iconsmind-Buildings-Landmarks\" style=\" color: #ffffff;\"><\/i> <p style=\"color: #ffffff;\">100% reliable<\/p><\/div><\/div><\/div><\/div><\/div><\/div><\/div><\/div><\/div><div class=\"vc_row-full-width vc_clearfix\"><\/div><div data-vc-full-width=\"true\" data-vc-full-width-init=\"false\" class=\"vc_row wpb_row vc_row-fluid vc_custom_1553863552345 vc_row-has-fill vc_row-has-padding-top vc_row-has-padding-bottom\"><div class=\"wpb_column vc_column_container vc_col-sm-12\"><div class=\"vc_column-inner\"><div class=\"wpb_wrapper\"><header class=\"kd-section-title vc_col-lg-6 vc_col-sm-8 text-center  kd-animated fadeIn   vc_custom_1741982708539\" data-animation-delay=\"200\"><h2 class=\"separator_off\" >PharmaSped - Your logistics partner according to GDP<\/h2><h6 class=\"subtitle\" >Secure transport of pharmaceuticals \u2013 anytime, across Europe! As specialists in Good Distribution Practice (GDP)-compliant transport, we provide flexible, customized logistics solutions for the pharmaceutical industry, wholesalers, and the re-import and parallel import of medicines.<\/h6><\/header><\/div><\/div><\/div><\/div><div class=\"vc_row-full-width vc_clearfix\"><\/div><div data-vc-full-width=\"true\" data-vc-full-width-init=\"false\" class=\"vc_row wpb_row vc_row-fluid vc_custom_1553863546978\"><div class=\"wpb_column vc_column_container vc_col-sm-12\"><div class=\"vc_column-inner vc_custom_1515686761275\"><div class=\"wpb_wrapper\"><div class=\"vc_row wpb_row vc_inner vc_row-fluid vc_custom_1549537502908 vc_row-has-padding-bottom\"><div class=\"wpb_column vc_column_container vc_col-sm-12\"><div class=\"vc_column-inner vc_custom_1515686674776\"><div class=\"wpb_wrapper\">\r\n                <div class=\"photobox-carousel pbc-parent black-navigation kd-pbc-69e8b438127fe nav-arrows\">\r\n                    <div class=\"pbc-content\"><div class=\"kd-photobox kd-animated fadeInUp\" ><div class=\"photobox-img\"><img loading=\"lazy\" decoding=\"async\" width=\"3000\" height=\"2057\" src=\"https:\/\/www.pharmasped.de\/wp-content\/uploads\/2025\/01\/pharmalogistik-spedition-mannheim-ludwigshafen.jpg\" class=\"attachment-full\" alt=\"\" title=\"pharmalogistik-spedition-mannheim-ludwigshafen\" srcset=\"https:\/\/www.pharmasped.de\/wp-content\/uploads\/2025\/01\/pharmalogistik-spedition-mannheim-ludwigshafen.jpg 3000w, https:\/\/www.pharmasped.de\/wp-content\/uploads\/2025\/01\/pharmalogistik-spedition-mannheim-ludwigshafen-300x206.jpg 300w, https:\/\/www.pharmasped.de\/wp-content\/uploads\/2025\/01\/pharmalogistik-spedition-mannheim-ludwigshafen-1024x702.jpg 1024w, https:\/\/www.pharmasped.de\/wp-content\/uploads\/2025\/01\/pharmalogistik-spedition-mannheim-ludwigshafen-768x527.jpg 768w, https:\/\/www.pharmasped.de\/wp-content\/uploads\/2025\/01\/pharmalogistik-spedition-mannheim-ludwigshafen-1536x1053.jpg 1536w, https:\/\/www.pharmasped.de\/wp-content\/uploads\/2025\/01\/pharmalogistik-spedition-mannheim-ludwigshafen-2048x1404.jpg 2048w, https:\/\/www.pharmasped.de\/wp-content\/uploads\/2025\/01\/pharmalogistik-spedition-mannheim-ludwigshafen-18x12.jpg 18w\" sizes=\"auto, (max-width: 3000px) 100vw, 3000px\" \/><\/div><div class=\"phb-content text-left\" ><h5 >Pharmaceutical Logistics<\/h5><p >On the road for you, intelligently and individually: \nAll over Germany, within the EU, throughout Europe and in large parts of Eurasia!<\/p><\/div><\/div><div class=\"kd-photobox kd-animated fadeInUp\" ><div class=\"photobox-img\"><img loading=\"lazy\" decoding=\"async\" width=\"3000\" height=\"2057\" src=\"https:\/\/www.pharmasped.de\/wp-content\/uploads\/2025\/01\/Kuehltransport-Spedition-Logistik-Mannheim-Ludwigshafen-Rhein-Neckar.jpg\" class=\"attachment-full\" alt=\"K\u00fchlkettenmanagement - K\u00fchltransporte f\u00fcr Pharma und Medizinische Produkte\" title=\"Kuehltransport-Spedition-Logistik-Mannheim-Ludwigshafen-Rhein-Neckar\" srcset=\"https:\/\/www.pharmasped.de\/wp-content\/uploads\/2025\/01\/Kuehltransport-Spedition-Logistik-Mannheim-Ludwigshafen-Rhein-Neckar.jpg 3000w, https:\/\/www.pharmasped.de\/wp-content\/uploads\/2025\/01\/Kuehltransport-Spedition-Logistik-Mannheim-Ludwigshafen-Rhein-Neckar-300x206.jpg 300w, https:\/\/www.pharmasped.de\/wp-content\/uploads\/2025\/01\/Kuehltransport-Spedition-Logistik-Mannheim-Ludwigshafen-Rhein-Neckar-1024x702.jpg 1024w, https:\/\/www.pharmasped.de\/wp-content\/uploads\/2025\/01\/Kuehltransport-Spedition-Logistik-Mannheim-Ludwigshafen-Rhein-Neckar-768x527.jpg 768w, https:\/\/www.pharmasped.de\/wp-content\/uploads\/2025\/01\/Kuehltransport-Spedition-Logistik-Mannheim-Ludwigshafen-Rhein-Neckar-1536x1053.jpg 1536w, https:\/\/www.pharmasped.de\/wp-content\/uploads\/2025\/01\/Kuehltransport-Spedition-Logistik-Mannheim-Ludwigshafen-Rhein-Neckar-2048x1404.jpg 2048w, https:\/\/www.pharmasped.de\/wp-content\/uploads\/2025\/01\/Kuehltransport-Spedition-Logistik-Mannheim-Ludwigshafen-Rhein-Neckar-18x12.jpg 18w\" sizes=\"auto, (max-width: 3000px) 100vw, 3000px\" \/><\/div><div class=\"phb-content text-left\" ><h5 >Cold Chain Management<\/h5><p >For temperature-sensitive products such as vaccines, blood and plasma products, hormone preparations, etc.<br \/>\nWe stay cool - from departure to arrival!<\/p><\/div><\/div><div class=\"kd-photobox kd-animated fadeInUp\" ><div class=\"photobox-img\"><img loading=\"lazy\" decoding=\"async\" width=\"3000\" height=\"2000\" src=\"https:\/\/www.pharmasped.de\/wp-content\/uploads\/2025\/04\/pharma-logistik-spedition-3.jpg\" class=\"attachment-full\" alt=\"Logistik und Spedition Mannheim, Ludwigshafen, Heidelberg, Rhein-Neckar, Rheinland-Pfalz\" title=\"pharma-logistik-spedition-3\" srcset=\"https:\/\/www.pharmasped.de\/wp-content\/uploads\/2025\/04\/pharma-logistik-spedition-3.jpg 3000w, https:\/\/www.pharmasped.de\/wp-content\/uploads\/2025\/04\/pharma-logistik-spedition-3-300x200.jpg 300w, https:\/\/www.pharmasped.de\/wp-content\/uploads\/2025\/04\/pharma-logistik-spedition-3-1024x683.jpg 1024w, https:\/\/www.pharmasped.de\/wp-content\/uploads\/2025\/04\/pharma-logistik-spedition-3-768x512.jpg 768w, https:\/\/www.pharmasped.de\/wp-content\/uploads\/2025\/04\/pharma-logistik-spedition-3-1536x1024.jpg 1536w, https:\/\/www.pharmasped.de\/wp-content\/uploads\/2025\/04\/pharma-logistik-spedition-3-2048x1365.jpg 2048w, https:\/\/www.pharmasped.de\/wp-content\/uploads\/2025\/04\/pharma-logistik-spedition-3-18x12.jpg 18w\" sizes=\"auto, (max-width: 3000px) 100vw, 3000px\" \/><\/div><div class=\"phb-content text-left\" ><h5 >Logistics optimization<\/h5><p >First-class and personal:\nSide by side with our customers, we optimize logistics processes!<\/p><\/div><\/div><\/div>\r\n                <\/div><script type=\"text\/javascript\">\r\n          \t\t\t\tjQuery(document).ready(function($){\r\n                    if ($(\".photobox-carousel.kd-pbc-69e8b438127fe .pbc-content\").length) {\r\n                      $(\".photobox-carousel.kd-pbc-69e8b438127fe .pbc-content\").owlCarousel({\r\n                          stageClass: \"owl-wrapper\",\r\n                          stageOuterClass: \"owl-wrapper-outer\",\r\n                          loadedClass: \"owl-carousel\",\r\n                          responsive:{\r\n                              0:{\r\n                                  items:1,\r\n                                  dots: false,\r\n                                  nav: true,\r\n                                  navSpeed: 500,\r\n                              },\r\n                              768:{\r\n                                  items:2,\r\n                              },\r\n                              1199:{\r\n                                  items:3,\r\n                              },\r\n                              1366:{\r\n                                  items:3,\nnav: true,\r\n                                    navSpeed: 500,\r\n                                    dots: false,}\r\n                          },\r\n                          rewind: true,\nloop: true,\nautoplay: false,\nautoplayHoverPause: false,addClassActive: true,\r\n                      });\r\n                    }\r\n          \t\t\t\t});\r\n          \t\t\t<\/script><\/div><\/div><\/div><\/div><\/div><\/div><\/div><\/div><div class=\"vc_row-full-width vc_clearfix\"><\/div><div data-vc-full-width=\"true\" data-vc-full-width-init=\"false\" class=\"vc_row wpb_row vc_row-fluid vc_custom_1549537510597 vc_row-has-padding-bottom\"><div class=\"wpb_column vc_column_container vc_col-sm-12 vc_col-lg-5 vc_col-md-5\"><div class=\"vc_column-inner vc_custom_1549537527469\"><div class=\"wpb_wrapper\"><div class=\"vc_row wpb_row vc_inner vc_row-fluid\"><div class=\"wpb_column vc_column_container vc_col-sm-12\"><div class=\"vc_column-inner vc_custom_1541520230301\"><div class=\"wpb_wrapper\"><header class=\"kd-section-title col-lg-12 text-left  kd-animated fadeIn\" data-animation-delay=\"200\"><h2 class=\"separator_off\" >We are stone-cold professionals<\/h2><h6 class=\"subtitle\" >Impossible - doesn't exist! At PharmaSped, we offer our clients customized services and even make the seemingly impossible possible!<\/h6><\/header><div class=\"vc_empty_space\"   style=\"height: 15px\"><span class=\"vc_empty_space_inner\"><\/span><\/div><a  href=\"https:\/\/www.pharmasped.de\/en\/pages\/services\/\"  target=\"_self\"  title=\"Services\" class=\"tt_button tt_primary_button btn_primary_color  pull-left button-action-link  kd-animated zoomIn\" data-animation-delay=\"200\"><span class=\"prim_text\">Services<\/span><\/a><\/div><\/div><\/div><\/div><\/div><\/div><\/div><div class=\"wpb_column vc_column_container vc_col-sm-12 vc_col-lg-7 vc_col-md-7\"><div class=\"vc_column-inner\"><div class=\"wpb_wrapper\"><div class=\"vc_row wpb_row vc_inner vc_row-fluid\"><div class=\"wpb_column vc_column_container vc_col-sm-6\"><div class=\"vc_column-inner vc_custom_1539594103027\"><div class=\"wpb_wrapper\"><div class=\"key-icon-box icon-default  cont-left ib-hover-2  kd-animated fadeInUp\" style=\"background-color: transparent;\" data-animation-delay=\"200\"><a href=\"\/en\/pharma-logistik\/\" target=\"\"><div class=\"ib-wrapper\"><h5 class=\"service-heading\" >100% professional and local knowledge<\/h5><p >All pharmaceutical shipments benefit from our experience and expertise. We know the conditions on all routes and always keep an eye on them. We assess risk factors in advance and integrate them into our temperature management.<\/p><\/div><\/a><\/div><\/div><\/div><\/div><div class=\"wpb_column vc_column_container vc_col-sm-6\"><div class=\"vc_column-inner vc_custom_1539594114659\"><div class=\"wpb_wrapper\"><div class=\"key-icon-box icon-default  cont-left ib-hover-2  kd-animated fadeInUp\" style=\"background-color: transparent;\" data-animation-delay=\"400\"><a href=\"\/en\/kuehlkettenmanagement\/\" target=\"\"><div class=\"ib-wrapper\"><h5 class=\"service-heading\" >We stay cool<\/h5><p >We strictly and continuously monitor all safety and temperature requirements during the transportation of pharmaceuticals. At PharmaSped, we systematically plan the cool chain management of each delivery long before the actual transportation begins!<\/p><\/div><\/a><\/div><\/div><\/div><\/div><\/div><div class=\"vc_row wpb_row vc_inner vc_row-fluid\"><div class=\"wpb_column vc_column_container vc_col-sm-6\"><div class=\"vc_column-inner vc_custom_1539594107387\"><div class=\"wpb_wrapper\"><div class=\"key-icon-box icon-default  cont-left ib-hover-2  kd-animated fadeInUp\" style=\"background-color: transparent;\" data-animation-delay=\"200\"><a href=\"\/en\/logistikoptimierung\/\" target=\"\"><div class=\"ib-wrapper\"><h5 class=\"service-heading\" >We analyze with a cool eye:<\/h5><p >Through in-depth discussions, we at PharmaSped gather all relevant framework data for the logistics needs of our customers in the pharmaceutical industry, including wholesalers, re-importers, and parallel importers of medicines.<\/p><\/div><\/a><\/div><\/div><\/div><\/div><div class=\"wpb_column vc_column_container vc_col-sm-6\"><div class=\"vc_column-inner vc_custom_1539594111002\"><div class=\"wpb_wrapper\"><div class=\"key-icon-box icon-default  cont-left ib-hover-2  kd-animated fadeInUp\" style=\"background-color: transparent;\" data-animation-delay=\"400\"><a href=\"\/en\/kontakt\/\" target=\"\"><div class=\"ib-wrapper\"><h5 class=\"service-heading\" >Unsere Sonderleistungen:<\/h5><p >These include security transports (according to TAPA standard) with 24\/7 surveillance and monitoring beyond the borders of the EU, support with customs clearance, provision of security parking spaces, driver assistance with unloading, use of lifting platforms in the absence of a ramp and much more.<\/p><\/div><\/a><\/div><\/div><\/div><\/div><\/div><\/div><\/div><\/div><\/div><div class=\"vc_row-full-width vc_clearfix\"><\/div><div data-vc-full-width=\"true\" data-vc-full-width-init=\"false\" class=\"vc_row wpb_row vc_row-fluid vc_custom_1736539416551 vc_row-has-fill vc_row-has-padding-top vc_row-has-padding-bottom vc_row-fixed-bg\"><div class=\"wpb_column vc_column_container vc_col-sm-6 vc_col-lg-6 vc_col-md-12\"><div class=\"vc_column-inner\"><div class=\"wpb_wrapper\"><div class=\"vc_empty_space\"   style=\"height: 10px\"><span class=\"vc_empty_space_inner\"><\/span><\/div><header class=\"kd-section-title col-lg-12 text-left  kd-animated fadeIn\" data-animation-delay=\"200\"><h2 class=\"separator_off\" style=\"color: #ffffff;\">And what are your goals in logistics?<\/h2><h6 class=\"subtitle\" style=\"color: #ffffff;\">Have we aroused your interest? We will be happy to answer all your questions about logistics concepts and logistics optimization! Or do you already have a transport order for us?<\/h6><\/header><a  href=\"https:\/\/www.pharmasped.de\/en\/pages\/help\/\"  target=\"_self\"  title=\"Help\" class=\"tt_button tt_primary_button btn_primary_color  pull-left button-action-link  kd-animated zoomIn\" data-animation-delay=\"200\"><span class=\"prim_text\">Infos<\/span><\/a><\/div><\/div><\/div><div class=\"wpb_column vc_column_container vc_col-sm-2\"><div class=\"vc_column-inner\"><div class=\"wpb_wrapper\"><\/div><\/div><\/div><\/div><div class=\"vc_row-full-width vc_clearfix\"><\/div><div data-vc-full-width=\"true\" data-vc-full-width-init=\"false\" class=\"vc_row wpb_row vc_row-fluid vc_custom_1549538809908 vc_row-has-padding-top\"><div class=\"wpb_column vc_column_container vc_col-sm-12\"><div class=\"vc_column-inner\"><div class=\"wpb_wrapper\"><header class=\"kd-section-title col-lg-12 text-left  kd-animated fadeIn   vc_custom_1741983041851\" data-animation-delay=\"200\"><h2 class=\"separator_off\" >Our focus<\/h2><h6 class=\"subtitle\" >PharmaSped transports standard pharmaceutical shipments of up to 40 tons across Germany and throughout the European Union. As a B2B specialist in pharmaceutical logistics, we offer flexible solutions tailored to the individual needs of our customers.<\/h6><\/header><div class=\"vc_row wpb_row vc_inner vc_row-fluid vc_custom_1549543075247 vc_row-has-padding-bottom vc_column-gap-30\"><div class=\"wpb_column vc_column_container vc_col-sm-12\"><div class=\"vc_column-inner vc_custom_1549542871974\"><div class=\"wpb_wrapper\"><div  class=\"vc_do_toggle vc_toggle vc_toggle_default vc_toggle_color_default  vc_toggle_size_md\"><div class=\"vc_toggle_title\"><h4>1. We keep it ice cold!<\/h4><i class=\"vc_toggle_icon\"><\/i><\/div><div class=\"vc_toggle_content\"><p class=\"p1\">Our refrigeration units are equipped with fault alarms, allowing us to intervene proactively when necessary. Using telematics, we continuously monitor all critical parameters\u2014temperature, position, and door status\u2014throughout the entire transport process. This enables us to react immediately at any time. Additionally, we analyze refrigeration unit data in real time and use precise location tracking via points of interest (POI) to determine the exact time of arrival. This allows us to implement preventive and corrective measures at an early stage.<\/p>\n<\/div><\/div><div  class=\"vc_do_toggle vc_toggle vc_toggle_default vc_toggle_color_default  vc_toggle_size_md\"><div class=\"vc_toggle_title\"><h4>2. We keep a cool head!<\/h4><i class=\"vc_toggle_icon\"><\/i><\/div><div class=\"vc_toggle_content\"><p class=\"p1\">At PharmaSped, temperature management goes beyond pre-departure technical checks and occasional in-transit measurements. We proactively assess potential risks in advance and have contingency plans in place for a wide range of scenarios.<\/p>\n<p>&nbsp;<\/p>\n<ul class=\"ul1\">\n<li class=\"li1\">We create individual, quality-assured transport concepts<\/li>\n<li class=\"li1\">We plan, monitor, report and evaluate individually<\/li>\n<li class=\"li1\">We offer 24\/7 monitoring, automatic alarms and emergency management<\/li>\n<\/ul>\n<\/div><\/div><div  class=\"vc_do_toggle vc_toggle vc_toggle_default vc_toggle_color_default  vc_toggle_size_md\"><div class=\"vc_toggle_title\"><h4>3. Quite cool of us:<\/h4><i class=\"vc_toggle_icon\"><\/i><\/div><div class=\"vc_toggle_content\"><p class=\"p1\">With decades of expertise, PharmaSped develops and implements customized logistics concepts.<span class=\"s1\">.<\/span> We share our innovative knowledge of cold chain solutions with our customers, helping them to optimize their logistics and quality management processes<\/p>\n<\/div><\/div><\/div><\/div><\/div><\/div><\/div><\/div><\/div><\/div><div class=\"vc_row-full-width vc_clearfix\"><\/div>\n<\/div>","protected":false},"excerpt":{"rendered":"PharmalogistikK\u00fchlketten-ManagementLogistik-Optimierung Montag - Freitag: 08:00 - 17:00 Individuell Temperaturkonstant 100% zuverl\u00e4ssigPharmaSped - Ihr GDP-LogistikpartnerGesicherte Arzneimitteltransporte \u2013 jederzeit europaweit! Als Spezialisten [...]","protected":false},"author":1,"featured_media":0,"parent":0,"menu_order":0,"comment_status":"closed","ping_status":"closed","template":"","meta":{"footnotes":""},"class_list":["post-7476","page","type-page","status-publish","hentry"],"_links":{"self":[{"href":"https:\/\/www.pharmasped.de\/en\/wp-json\/wp\/v2\/pages\/7476","targetHints":{"allow":["GET"]}}],"collection":[{"href":"https:\/\/www.pharmasped.de\/en\/wp-json\/wp\/v2\/pages"}],"about":[{"href":"https:\/\/www.pharmasped.de\/en\/wp-json\/wp\/v2\/types\/page"}],"author":[{"embeddable":true,"href":"https:\/\/www.pharmasped.de\/en\/wp-json\/wp\/v2\/users\/1"}],"replies":[{"embeddable":true,"href":"https:\/\/www.pharmasped.de\/en\/wp-json\/wp\/v2\/comments?post=7476"}],"version-history":[{"count":71,"href":"https:\/\/www.pharmasped.de\/en\/wp-json\/wp\/v2\/pages\/7476\/revisions"}],"predecessor-version":[{"id":7955,"href":"https:\/\/www.pharmasped.de\/en\/wp-json\/wp\/v2\/pages\/7476\/revisions\/7955"}],"wp:attachment":[{"href":"https:\/\/www.pharmasped.de\/en\/wp-json\/wp\/v2\/media?parent=7476"}],"curies":[{"name":"wp","href":"https:\/\/api.w.org\/{rel}","templated":true}]}}