{"id":7480,"date":"2024-07-15T12:35:31","date_gmt":"2024-07-15T10:35:31","guid":{"rendered":"http:\/\/neu.pharmasped.de\/?page_id=7480"},"modified":"2025-04-14T15:11:47","modified_gmt":"2025-04-14T13:11:47","slug":"pharma-logistik-optimierung","status":"publish","type":"page","link":"https:\/\/www.pharmasped.de\/en\/pharma-spedition-services\/pharma-logistik-optimierung\/","title":{"rendered":"Individuelle Logistikoptimierung"},"content":{"rendered":"<div class=\"wpb-content-wrapper\"><div class=\"vc_row wpb_row vc_row-fluid vc_custom_1556018461316 vc_row-has-padding-top vc_row-has-padding-bottom\"><div class=\"wpb_column vc_column_container vc_col-sm-12\"><div class=\"vc_column-inner\"><div class=\"wpb_wrapper\"><div class=\"feature-sections-wrapper kd-fsp-69e8c7e617372\">\r\n            <section class=\"feature-sections-tabs with-sticky-topbar\">\r\n              <nav class=\"kd-feature-tabs\">\r\n                <ul class=\"nav nav-tabs sticky-tabs container\">\r\n                <\/ul>\r\n              <\/nav>\r\n            <\/section>\r\n            <section id=\"kd-fss-69e8c7e617481\" class=\"featured-right\"><li class=\"nav-label\"><a class=\"feature-tabs-scroll\" href=\"#kd-fss-69e8c7e617481\"><i class=\"fss-nav-icon\" style=\" \"><\/i> Logistics Consulting<\/a><\/li><div class=\"container\">\r\n                <div class=\"side-content-wrapper kd-animated fadeInLeft\" data-animation-delay=\"200\"><i class=\"iconsmind-Align-JustifyAll iconsmind-Alignment-Paragraph section-icon\" style=\" \"><\/i> <h2 class=\"side-content-title\" >PharmaSped Logistic Consultants<\/h2><h6 class=\"side-content-subtitle\" >We advise with a cool head!<\/h6><div class=\"side-content-text\" ><\/p>\n<p class=\"p1\">The transportation and storage of temperature-sensitive products with a high value of goods is part of our daily business at PharmaSped. To execute each logistics task in the best possible way, we maintain an ongoing and close exchange of information with our customers in the pharmaceutical industry, pharmaceutical wholesalers, and the re-import and parallel import of medicines. In personal discussions, we record all relevant framework data and analyze the specific requirements in the flow of goods between companies, suppliers, distributors and end customers. This often results in valuable insights that enable our customers to optimize their own processes.<\/p>\n<ul class=\"ul1\">\n<li class=\"li1\"><b>We <\/b>develop a customized logistics concept for our customers based on our experience and expertise<\/li>\n<li class=\"li1\"><b>We<\/b> support our customers in establishing and optimizing their own logistics and quality management processes<\/li>\n<li class=\"li1\"><b>We<\/b> are happy to take on transport tasks ourselves on behalf of our customers and can also offer transport validation and qualification of storage facilities in cooperation with our network partners.<\/li>\n<\/ul>\n<p>\n<\/div><\/div><div class=\"side-featured-wrapper fss-rectangle kd-animated fadeInRight fss-shadow-image\" data-animation-delay=\"200\">\n      <div class=\"featured-image\"><a data-size=\"1024x702\" href=\"https:\/\/www.pharmasped.de\/wp-content\/uploads\/2025\/01\/Pharmalogistik-Spedition-Logistik-Beratung-1024x702.jpg\"><img loading=\"lazy\" decoding=\"async\" width=\"3000\" height=\"2057\" src=\"https:\/\/www.pharmasped.de\/wp-content\/uploads\/2025\/01\/Pharmalogistik-Spedition-Logistik-Beratung.jpg\" class=\"attachment-full\" alt=\"\" title=\"Pharmalogistik-Spedition-Logistik-Beratung\" srcset=\"https:\/\/www.pharmasped.de\/wp-content\/uploads\/2025\/01\/Pharmalogistik-Spedition-Logistik-Beratung.jpg 3000w, https:\/\/www.pharmasped.de\/wp-content\/uploads\/2025\/01\/Pharmalogistik-Spedition-Logistik-Beratung-300x206.jpg 300w, https:\/\/www.pharmasped.de\/wp-content\/uploads\/2025\/01\/Pharmalogistik-Spedition-Logistik-Beratung-1024x702.jpg 1024w, https:\/\/www.pharmasped.de\/wp-content\/uploads\/2025\/01\/Pharmalogistik-Spedition-Logistik-Beratung-768x527.jpg 768w, https:\/\/www.pharmasped.de\/wp-content\/uploads\/2025\/01\/Pharmalogistik-Spedition-Logistik-Beratung-1536x1053.jpg 1536w, https:\/\/www.pharmasped.de\/wp-content\/uploads\/2025\/01\/Pharmalogistik-Spedition-Logistik-Beratung-2048x1404.jpg 2048w, https:\/\/www.pharmasped.de\/wp-content\/uploads\/2025\/01\/Pharmalogistik-Spedition-Logistik-Beratung-18x12.jpg 18w\" sizes=\"auto, (max-width: 3000px) 100vw, 3000px\" \/><\/a><\/div>\n    <\/div><\/div>\r\n            <\/section><section id=\"kd-fss-69e8c7e6183f5\" class=\"featured-left\"><li class=\"nav-label\"><a class=\"feature-tabs-scroll\" href=\"#kd-fss-69e8c7e6183f5\"><i class=\"fss-nav-icon\" style=\" \"><\/i> Logistics optimization<\/a><\/li><div class=\"container\">\r\n                <div class=\"side-content-wrapper kd-animated fadeInLeft\" data-animation-delay=\"200\"><i class=\"iconsmind-Align-JustifyAll iconsmind-Alignment-Paragraph section-icon\" style=\" \"><\/i> <h2 class=\"side-content-title\" >PharmaSped In-House-Solutions<\/h2><h6 class=\"side-content-subtitle\" >We don't give anyone the cold shoulder!<\/h6><div class=\"side-content-text\" ><\/p>\n<p class=\"p1\">Does your company have deficits in the areas of increasing efficiency, improving the cost-benefit ratio or goods safety? In this case PharmaSped is the right partner for you! We help our customers to master logistics challenges of all kinds. Our quality management specialists support you in integrating new processes into your company's existing structures.<\/p>\n<ul class=\"ul1\">\n<li class=\"li1\"><b>We <\/b>share our extensive experience from a large number of successfully completed logistics tasks relating to the transportation of temperature-sensitive products such as vaccines, blood and plasma products, hormone preparations, etc.<\/li>\n<li class=\"li1\"><b>We <\/b>support the introduction of quality management in accordance with DIN ISO 9001 and 14001 or GMP\/GDP<\/li>\n<li class=\"li1\"><b>We <\/b>help with the selection and integration of forwarding software and telematics systems<\/li>\n<li class=\"li1\"><b>We <\/b>provide support with the implementation of the cGDP guideline<\/li>\n<\/ul>\n<p>\n<\/div><\/div><div class=\"side-featured-wrapper fss-rectangle kd-animated fadeInRight fss-shadow-image\" data-animation-delay=\"200\">\n      <div class=\"featured-image\"><a data-size=\"1024x683\" href=\"https:\/\/www.pharmasped.de\/wp-content\/uploads\/2025\/04\/pharma-logistik-spedition-3-1024x683.jpg\"><img loading=\"lazy\" decoding=\"async\" width=\"3000\" height=\"2000\" src=\"https:\/\/www.pharmasped.de\/wp-content\/uploads\/2025\/04\/pharma-logistik-spedition-3.jpg\" class=\"attachment-full\" alt=\"Logistik und Spedition Mannheim, Ludwigshafen, Heidelberg, Rhein-Neckar, Rheinland-Pfalz\" title=\"pharma-logistik-spedition-3\" srcset=\"https:\/\/www.pharmasped.de\/wp-content\/uploads\/2025\/04\/pharma-logistik-spedition-3.jpg 3000w, https:\/\/www.pharmasped.de\/wp-content\/uploads\/2025\/04\/pharma-logistik-spedition-3-300x200.jpg 300w, https:\/\/www.pharmasped.de\/wp-content\/uploads\/2025\/04\/pharma-logistik-spedition-3-1024x683.jpg 1024w, https:\/\/www.pharmasped.de\/wp-content\/uploads\/2025\/04\/pharma-logistik-spedition-3-768x512.jpg 768w, https:\/\/www.pharmasped.de\/wp-content\/uploads\/2025\/04\/pharma-logistik-spedition-3-1536x1024.jpg 1536w, https:\/\/www.pharmasped.de\/wp-content\/uploads\/2025\/04\/pharma-logistik-spedition-3-2048x1365.jpg 2048w, https:\/\/www.pharmasped.de\/wp-content\/uploads\/2025\/04\/pharma-logistik-spedition-3-18x12.jpg 18w\" sizes=\"auto, (max-width: 3000px) 100vw, 3000px\" \/><\/a><\/div>\n    <\/div><\/div>\r\n            <\/section>\r\n            <\/div><style type=\"text\/css\"><\/style><\/div><\/div><\/div><\/div>\n<\/div>","protected":false},"excerpt":{"rendered":"Logistikberatung PharmaSped Logistic ConsultantsWir beraten mit k\u00fchlem K\u00f6pfchen!Der Transport und die Lagerung temperaturabh\u00e4ngiger Produkte mit hohem Warenwert geh\u00f6rt f\u00fcr uns [...]","protected":false},"author":1,"featured_media":7817,"parent":7597,"menu_order":0,"comment_status":"closed","ping_status":"closed","template":"","meta":{"footnotes":""},"class_list":["post-7480","page","type-page","status-publish","has-post-thumbnail","hentry"],"_links":{"self":[{"href":"https:\/\/www.pharmasped.de\/en\/wp-json\/wp\/v2\/pages\/7480","targetHints":{"allow":["GET"]}}],"collection":[{"href":"https:\/\/www.pharmasped.de\/en\/wp-json\/wp\/v2\/pages"}],"about":[{"href":"https:\/\/www.pharmasped.de\/en\/wp-json\/wp\/v2\/types\/page"}],"author":[{"embeddable":true,"href":"https:\/\/www.pharmasped.de\/en\/wp-json\/wp\/v2\/users\/1"}],"replies":[{"embeddable":true,"href":"https:\/\/www.pharmasped.de\/en\/wp-json\/wp\/v2\/comments?post=7480"}],"version-history":[{"count":13,"href":"https:\/\/www.pharmasped.de\/en\/wp-json\/wp\/v2\/pages\/7480\/revisions"}],"predecessor-version":[{"id":7882,"href":"https:\/\/www.pharmasped.de\/en\/wp-json\/wp\/v2\/pages\/7480\/revisions\/7882"}],"up":[{"embeddable":true,"href":"https:\/\/www.pharmasped.de\/en\/wp-json\/wp\/v2\/pages\/7597"}],"wp:featuredmedia":[{"embeddable":true,"href":"https:\/\/www.pharmasped.de\/en\/wp-json\/wp\/v2\/media\/7817"}],"wp:attachment":[{"href":"https:\/\/www.pharmasped.de\/en\/wp-json\/wp\/v2\/media?parent=7480"}],"curies":[{"name":"wp","href":"https:\/\/api.w.org\/{rel}","templated":true}]}}