{"id":7597,"date":"2024-07-15T20:21:52","date_gmt":"2024-07-15T18:21:52","guid":{"rendered":"http:\/\/neu.pharmasped.de\/?page_id=7597"},"modified":"2025-04-14T15:09:16","modified_gmt":"2025-04-14T13:09:16","slug":"pharma-spedition-services","status":"publish","type":"page","link":"https:\/\/www.pharmasped.de\/en\/pharma-spedition-services\/","title":{"rendered":"Services"},"content":{"rendered":"<div class=\"wpb-content-wrapper\"><div class=\"vc_row wpb_row vc_row-fluid vc_custom_1556018461316 vc_row-has-padding-top vc_row-has-padding-bottom\"><div class=\"wpb_column vc_column_container vc_col-sm-12\"><div class=\"vc_column-inner\"><div class=\"wpb_wrapper\"><div class=\"feature-sections-wrapper kd-fsp-69e8c7c24322b\">\r\n            <section class=\"feature-sections-tabs with-sticky-topbar\">\r\n              <nav class=\"kd-feature-tabs\">\r\n                <ul class=\"nav nav-tabs sticky-tabs container\">\r\n                <\/ul>\r\n              <\/nav>\r\n            <\/section>\r\n            <section id=\"kd-fss-69e8c7c2432f2\" class=\"featured-right\"><li class=\"nav-label\"><a class=\"feature-tabs-scroll\" href=\"#kd-fss-69e8c7c2432f2\">PharmaSped<\/a><\/li><div class=\"container\">\r\n                <div class=\"side-content-wrapper kd-animated fadeInLeft\" data-animation-delay=\"200\"><i class=\"section-icon\" style=\" \"><\/i> <h2 class=\"side-content-title\" >We stay cool, even when things get hot<\/h2><div class=\"side-content-text\" ><\/p>\n<p class=\"p1\">At PharmaSped, nothing throws us off course so easily, because in the many years of our existence we have built up a wealth of experience and knowledge in the GDP environment. We use the latest and most innovative 24\/7 technologies for data collection, monitoring and emergency management along the \u201crolling\u201d cold chain. This enables us to continuously optimize our processes and create an individual logistics concept for each consignment of pharmaceuticals. At the customer's request, we also provide effective support in the optimization of logistics-related in-house processes.<\/p>\n<ul>\n<li class=\"li1\"><b>PharmaSped<\/b> meets all the requirements of the TAPA security standards on request to ensure the protection of goods and merchandise against theft, damage and threats.<\/li>\n<li class=\"li1\"><b>PharmaSped<\/b> optimizes transport processes in accordance with TSR guidelines. This includes careful route planning and risk analysis, GPS-based vehicle monitoring and security, regular driver training, effective communication and emergency management and documentation of all security measures.<\/li>\n<li class=\"li1\"><b>PharmaSped <\/b>provides customized transport solutions with a diverse fleet ranging from Sprinters to 40-ton trucks. Our double-decker system doubles the loading capacity of articulated trucks from 33 to 66 pallets, enhancing both efficiency and sustainability.<\/li>\n<\/ul>\n<p>\n<\/div><\/div><div class=\"side-featured-wrapper fss-rectangle kd-animated fadeInRight fss-shadow-image\" data-animation-delay=\"200\">\n      <div class=\"featured-image\"><a data-size=\"1024x683\" href=\"https:\/\/www.pharmasped.de\/wp-content\/uploads\/2025\/01\/Pharmalogistik-Kuehltransporte-LKW-Spedition-Mannheim-Heidelberg-Ludwigshafen-4-1024x683.jpg\"><img loading=\"lazy\" decoding=\"async\" width=\"3000\" height=\"2000\" src=\"https:\/\/www.pharmasped.de\/wp-content\/uploads\/2025\/01\/Pharmalogistik-Kuehltransporte-LKW-Spedition-Mannheim-Heidelberg-Ludwigshafen-4.jpg\" class=\"attachment-full\" alt=\"\" title=\"Pharmalogistik-Kuehltransporte-LKW-Spedition-Mannheim-Heidelberg-Ludwigshafen\" srcset=\"https:\/\/www.pharmasped.de\/wp-content\/uploads\/2025\/01\/Pharmalogistik-Kuehltransporte-LKW-Spedition-Mannheim-Heidelberg-Ludwigshafen-4.jpg 3000w, https:\/\/www.pharmasped.de\/wp-content\/uploads\/2025\/01\/Pharmalogistik-Kuehltransporte-LKW-Spedition-Mannheim-Heidelberg-Ludwigshafen-4-300x200.jpg 300w, https:\/\/www.pharmasped.de\/wp-content\/uploads\/2025\/01\/Pharmalogistik-Kuehltransporte-LKW-Spedition-Mannheim-Heidelberg-Ludwigshafen-4-1024x683.jpg 1024w, https:\/\/www.pharmasped.de\/wp-content\/uploads\/2025\/01\/Pharmalogistik-Kuehltransporte-LKW-Spedition-Mannheim-Heidelberg-Ludwigshafen-4-768x512.jpg 768w, https:\/\/www.pharmasped.de\/wp-content\/uploads\/2025\/01\/Pharmalogistik-Kuehltransporte-LKW-Spedition-Mannheim-Heidelberg-Ludwigshafen-4-1536x1024.jpg 1536w, https:\/\/www.pharmasped.de\/wp-content\/uploads\/2025\/01\/Pharmalogistik-Kuehltransporte-LKW-Spedition-Mannheim-Heidelberg-Ludwigshafen-4-2048x1365.jpg 2048w, https:\/\/www.pharmasped.de\/wp-content\/uploads\/2025\/01\/Pharmalogistik-Kuehltransporte-LKW-Spedition-Mannheim-Heidelberg-Ludwigshafen-4-18x12.jpg 18w\" sizes=\"auto, (max-width: 3000px) 100vw, 3000px\" \/><\/a><\/div>\n    <\/div><\/div>\r\n            <\/section><section id=\"kd-fss-69e8c7c24427f\" class=\"featured-left\"><li class=\"nav-label\"><a class=\"feature-tabs-scroll\" href=\"#kd-fss-69e8c7c24427f\">Pharmaceutical Logistics<\/a><\/li><div class=\"container\">\r\n                <div class=\"side-content-wrapper kd-animated fadeInRight\" data-animation-delay=\"200\"><i class=\"section-icon\" style=\" \"><\/i> <h2 class=\"side-content-title\" >Pharmaceutical Logistics<\/h2><h6 class=\"side-content-subtitle\" >As individual as our customers' needs<\/h6><div class=\"side-content-text\" ><\/p>\n<ul>\n<li class=\"li1\"><b>PharmaSped<\/b> dedicates itself to each individual logistics task with a cool head - we don't offer ready-made solutions!<\/li>\n<li class=\"li1\"><b>PharmaSped<\/b> has decades of experience and the necessary coolness in handling loading, customs and border regulations - throughout Europe!<\/li>\n<li class=\"li1\"><b>PharmaSped<\/b> remains cool and flexible, even if there are changes to transport volumes and time windows at short notice!<\/li>\n<\/ul>\n<p>\n<\/div><div class=\"side-content-link sc-primary-btn\"><a href=\"http:\/\/neu.pharmasped.de\/pages\/pharma-logistik\/\" target=\"_self\" title=\"Learn more\" class=\"tt_button tt_primary_button btn_primary_color button-action-link\">Learn more<\/a><\/div><\/div><div class=\"side-featured-wrapper fss-rectangle kd-animated fadeInLeft fss-shadow-image\" data-animation-delay=\"200\">\n      <div class=\"featured-image\"><a data-size=\"1024x702\" href=\"https:\/\/www.pharmasped.de\/wp-content\/uploads\/2025\/01\/pharmalogistik-spedition-mannheim-ludwigshafen-1024x702.jpg\"><img loading=\"lazy\" decoding=\"async\" width=\"3000\" height=\"2057\" src=\"https:\/\/www.pharmasped.de\/wp-content\/uploads\/2025\/01\/pharmalogistik-spedition-mannheim-ludwigshafen.jpg\" class=\"attachment-full\" alt=\"\" title=\"pharmalogistik-spedition-mannheim-ludwigshafen\" srcset=\"https:\/\/www.pharmasped.de\/wp-content\/uploads\/2025\/01\/pharmalogistik-spedition-mannheim-ludwigshafen.jpg 3000w, https:\/\/www.pharmasped.de\/wp-content\/uploads\/2025\/01\/pharmalogistik-spedition-mannheim-ludwigshafen-300x206.jpg 300w, https:\/\/www.pharmasped.de\/wp-content\/uploads\/2025\/01\/pharmalogistik-spedition-mannheim-ludwigshafen-1024x702.jpg 1024w, https:\/\/www.pharmasped.de\/wp-content\/uploads\/2025\/01\/pharmalogistik-spedition-mannheim-ludwigshafen-768x527.jpg 768w, https:\/\/www.pharmasped.de\/wp-content\/uploads\/2025\/01\/pharmalogistik-spedition-mannheim-ludwigshafen-1536x1053.jpg 1536w, https:\/\/www.pharmasped.de\/wp-content\/uploads\/2025\/01\/pharmalogistik-spedition-mannheim-ludwigshafen-2048x1404.jpg 2048w, https:\/\/www.pharmasped.de\/wp-content\/uploads\/2025\/01\/pharmalogistik-spedition-mannheim-ludwigshafen-18x12.jpg 18w\" sizes=\"auto, (max-width: 3000px) 100vw, 3000px\" \/><\/a><\/div>\n    <\/div><\/div>\r\n            <\/section><section id=\"kd-fss-69e8c7c244e51\" class=\"featured-right\"><li class=\"nav-label\"><a class=\"feature-tabs-scroll\" href=\"#kd-fss-69e8c7c244e51\">Cold Chain Management<\/a><\/li><div class=\"container\">\r\n                <div class=\"side-content-wrapper kd-animated fadeInLeft\" data-animation-delay=\"200\"><i class=\"section-icon\" style=\" \"><\/i> <h2 class=\"side-content-title\" >Cold Chain Management<\/h2><h6 class=\"side-content-subtitle\" >Ice-cold planning and prepared for all eventualities<\/h6><div class=\"side-content-text\" ><\/p>\n<ul>\n<li class=\"li1\"><b>PharmaSped <\/b>creates customized and quality-assured transport concepts based on the latest technologies, from the vehicle to the IT system.<\/li>\n<li class=\"li1\"><b>PharmaSped <\/b>guarantees detailed logistics planning<b> <\/b>, the utmost care and comprehensive reporting during transportation.<\/li>\n<li class=\"li1\"><b>PharmaSped <\/b>is the specialist for 24\/7 monitoring and emergency management.<\/li>\n<\/ul>\n<p>\n<\/div><div class=\"side-content-link sc-primary-btn\"><a href=\"http:\/\/neu.pharmasped.de\/pages\/kuehlkettenmanagement\/\" target=\"_self\" title=\"Learn more\" class=\"tt_button tt_primary_button btn_primary_color button-action-link\">Learn more<\/a><\/div><\/div><div class=\"side-featured-wrapper fss-rectangle kd-animated fadeInRight fss-shadow-image\" data-animation-delay=\"200\">\n      <div class=\"featured-image\"><a data-size=\"1024x702\" href=\"https:\/\/www.pharmasped.de\/wp-content\/uploads\/2025\/01\/Kuehltransport-Spedition-Logistik-Mannheim-Ludwigshafen-Rhein-Neckar-1024x702.jpg\"><img loading=\"lazy\" decoding=\"async\" width=\"3000\" height=\"2057\" src=\"https:\/\/www.pharmasped.de\/wp-content\/uploads\/2025\/01\/Kuehltransport-Spedition-Logistik-Mannheim-Ludwigshafen-Rhein-Neckar.jpg\" class=\"attachment-full\" alt=\"K\u00fchlkettenmanagement - K\u00fchltransporte f\u00fcr Pharma und Medizinische Produkte\" title=\"Kuehltransport-Spedition-Logistik-Mannheim-Ludwigshafen-Rhein-Neckar\" srcset=\"https:\/\/www.pharmasped.de\/wp-content\/uploads\/2025\/01\/Kuehltransport-Spedition-Logistik-Mannheim-Ludwigshafen-Rhein-Neckar.jpg 3000w, https:\/\/www.pharmasped.de\/wp-content\/uploads\/2025\/01\/Kuehltransport-Spedition-Logistik-Mannheim-Ludwigshafen-Rhein-Neckar-300x206.jpg 300w, https:\/\/www.pharmasped.de\/wp-content\/uploads\/2025\/01\/Kuehltransport-Spedition-Logistik-Mannheim-Ludwigshafen-Rhein-Neckar-1024x702.jpg 1024w, https:\/\/www.pharmasped.de\/wp-content\/uploads\/2025\/01\/Kuehltransport-Spedition-Logistik-Mannheim-Ludwigshafen-Rhein-Neckar-768x527.jpg 768w, https:\/\/www.pharmasped.de\/wp-content\/uploads\/2025\/01\/Kuehltransport-Spedition-Logistik-Mannheim-Ludwigshafen-Rhein-Neckar-1536x1053.jpg 1536w, https:\/\/www.pharmasped.de\/wp-content\/uploads\/2025\/01\/Kuehltransport-Spedition-Logistik-Mannheim-Ludwigshafen-Rhein-Neckar-2048x1404.jpg 2048w, https:\/\/www.pharmasped.de\/wp-content\/uploads\/2025\/01\/Kuehltransport-Spedition-Logistik-Mannheim-Ludwigshafen-Rhein-Neckar-18x12.jpg 18w\" sizes=\"auto, (max-width: 3000px) 100vw, 3000px\" \/><\/a><\/div>\n    <\/div><\/div>\r\n            <\/section><section id=\"kd-fss-69e8c7c245a3d\" class=\"featured-left\"><li class=\"nav-label\"><a class=\"feature-tabs-scroll\" href=\"#kd-fss-69e8c7c245a3d\">Logistics and Quality Management<\/a><\/li><div class=\"container\">\r\n                <div class=\"side-content-wrapper kd-animated fadeInRight\" data-animation-delay=\"200\"><i class=\"section-icon\" style=\" \"><\/i> <h2 class=\"side-content-title\" >Logistics and Quality Management<\/h2><h6 class=\"side-content-subtitle\" >Cool from us: we optimize our customers' logistics processes!<\/h6><div class=\"side-content-text\" ><\/p>\n<ul>\n<li class=\"li1\"><b>PharmaSped<\/b> advises and supports the introduction of quality management systems in accordance with DIN ISO 9001 and DIN ISO 14001 or GMP\/GDP<\/li>\n<li class=\"li1\"><b>PharmaSped<\/b> advises and supports in the selection and integration of forwarding software and telematics systems<\/li>\n<li class=\"li1\"><b>PharmaSped<\/b> advises and supports the implementation of cGDP guidelines<\/li>\n<\/ul>\n<p>\n<\/div><div class=\"side-content-link sc-primary-btn\"><a href=\"http:\/\/neu.pharmasped.de\/pages\/logistikoptimierung\/\" target=\"_self\" title=\"Learn more\" class=\"tt_button tt_primary_button btn_primary_color button-action-link\">Learn more<\/a><\/div><\/div><div class=\"side-featured-wrapper fss-rectangle kd-animated fadeInLeft fss-shadow-image\" data-animation-delay=\"200\">\n      <div class=\"featured-image\"><a data-size=\"1024x683\" href=\"https:\/\/www.pharmasped.de\/wp-content\/uploads\/2025\/04\/pharma-logistik-spedition-2-1024x683.jpg\"><img loading=\"lazy\" decoding=\"async\" width=\"3000\" height=\"2000\" src=\"https:\/\/www.pharmasped.de\/wp-content\/uploads\/2025\/04\/pharma-logistik-spedition-2.jpg\" class=\"attachment-full\" alt=\"Logistik und Spedition Mannheim, Ludwigshafen, Heidelberg, Rhein-Neckar, Rheinland-Pfalz\" title=\"pharma-logistik-spedition-2\" srcset=\"https:\/\/www.pharmasped.de\/wp-content\/uploads\/2025\/04\/pharma-logistik-spedition-2.jpg 3000w, https:\/\/www.pharmasped.de\/wp-content\/uploads\/2025\/04\/pharma-logistik-spedition-2-300x200.jpg 300w, https:\/\/www.pharmasped.de\/wp-content\/uploads\/2025\/04\/pharma-logistik-spedition-2-1024x683.jpg 1024w, https:\/\/www.pharmasped.de\/wp-content\/uploads\/2025\/04\/pharma-logistik-spedition-2-768x512.jpg 768w, https:\/\/www.pharmasped.de\/wp-content\/uploads\/2025\/04\/pharma-logistik-spedition-2-1536x1024.jpg 1536w, https:\/\/www.pharmasped.de\/wp-content\/uploads\/2025\/04\/pharma-logistik-spedition-2-2048x1365.jpg 2048w, https:\/\/www.pharmasped.de\/wp-content\/uploads\/2025\/04\/pharma-logistik-spedition-2-18x12.jpg 18w\" sizes=\"auto, (max-width: 3000px) 100vw, 3000px\" \/><\/a><\/div>\n    <\/div><\/div>\r\n            <\/section>\r\n            <\/div><style type=\"text\/css\"><\/style><\/div><\/div><\/div><\/div><div data-vc-full-width=\"true\" data-vc-full-width-init=\"false\" class=\"vc_row wpb_row vc_row-fluid\"><div class=\"wpb_column vc_column_container vc_col-sm-12\"><div class=\"vc_column-inner\"><div class=\"wpb_wrapper\"><div class=\"vc_row wpb_row vc_inner vc_row-fluid vc_custom_1511348417220 vc_row-has-padding-top vc_row-has-padding-bottom\"><div class=\"wpb_column vc_column_container vc_col-sm-3\"><div class=\"vc_column-inner\"><div class=\"wpb_wrapper\"><\/div><\/div><\/div><div class=\"wpb_column vc_column_container vc_col-sm-6\"><div class=\"vc_column-inner\"><div class=\"wpb_wrapper\"><header class=\"kd-section-title col-lg-12 text-center  kd-animated fadeIn   vc_custom_1736265615275\" data-animation-delay=\"200\"><h2 class=\"separator_off\" >And what are your goals in logistics?<\/h2><h6 class=\"subtitle\" >Have we aroused your interest? We will be happy to answer all your questions about logistics concepts and logistics optimization! Or do you already have a transport order for us?<\/h6><\/header><a  href=\"http:\/\/neu.pharmasped.de\/pages\/contact-classic\/\"  target=\"_self\"  title=\"Contact\" class=\"tt_button tt_primary_button btn_primary_color  button-center button-action-link  kd-animated zoomIn\" data-animation-delay=\"200\"><span class=\"prim_text\">Contact<\/span><\/a><div class=\"vc_empty_space\"   style=\"height: 25px\"><span class=\"vc_empty_space_inner\"><\/span><\/div><\/div><\/div><\/div><div class=\"wpb_column vc_column_container vc_col-sm-3\"><div class=\"vc_column-inner\"><div class=\"wpb_wrapper\"><\/div><\/div><\/div><\/div><\/div><\/div><\/div><\/div><div class=\"vc_row-full-width vc_clearfix\"><\/div>\n<\/div>","protected":false},"excerpt":{"rendered":"PharmaSped Wir bleiben cool, auch wenn's hei\u00df hergehtUns bei PharmaSped wirft so leicht nichts aus der Bahn, denn in den [...]","protected":false},"author":1,"featured_media":7881,"parent":0,"menu_order":0,"comment_status":"closed","ping_status":"closed","template":"","meta":{"footnotes":""},"class_list":["post-7597","page","type-page","status-publish","has-post-thumbnail","hentry"],"_links":{"self":[{"href":"https:\/\/www.pharmasped.de\/en\/wp-json\/wp\/v2\/pages\/7597","targetHints":{"allow":["GET"]}}],"collection":[{"href":"https:\/\/www.pharmasped.de\/en\/wp-json\/wp\/v2\/pages"}],"about":[{"href":"https:\/\/www.pharmasped.de\/en\/wp-json\/wp\/v2\/types\/page"}],"author":[{"embeddable":true,"href":"https:\/\/www.pharmasped.de\/en\/wp-json\/wp\/v2\/users\/1"}],"replies":[{"embeddable":true,"href":"https:\/\/www.pharmasped.de\/en\/wp-json\/wp\/v2\/comments?post=7597"}],"version-history":[{"count":10,"href":"https:\/\/www.pharmasped.de\/en\/wp-json\/wp\/v2\/pages\/7597\/revisions"}],"predecessor-version":[{"id":7883,"href":"https:\/\/www.pharmasped.de\/en\/wp-json\/wp\/v2\/pages\/7597\/revisions\/7883"}],"wp:featuredmedia":[{"embeddable":true,"href":"https:\/\/www.pharmasped.de\/en\/wp-json\/wp\/v2\/media\/7881"}],"wp:attachment":[{"href":"https:\/\/www.pharmasped.de\/en\/wp-json\/wp\/v2\/media?parent=7597"}],"curies":[{"name":"wp","href":"https:\/\/api.w.org\/{rel}","templated":true}]}}